{"id":25199,"date":"2020-06-03T18:32:15","date_gmt":"2020-06-03T23:32:15","guid":{"rendered":"https:\/\/lvcf.wpengine.com\/?page_id=25199"},"modified":"2025-03-24T13:25:42","modified_gmt":"2025-03-24T18:25:42","slug":"juntos-lanzamos","status":"publish","type":"page","link":"https:\/\/flvchicago.org\/es\/programs\/juntos-lanzamos\/","title":{"rendered":"Juntos Lanzamos"},"content":{"rendered":"<h5>Programas<\/h5><h1>Juntos Lanzamos <\/h1>\t\t\t\n\t\t\t<h5>Ahora ofrecemos Juntos Lanzamos en espa\u00f1ol e ingl\u00e9s.<\/h5><h2>Sobre el programa<\/h2>\n\t\t\t\t<img decoding=\"async\" data-src=\"https:\/\/flvchicago.org\/wp-content\/uploads\/Juntos-Lanzamos-Logo.png\" alt=\"Juntos Lanzamos Logo\" itemprop=\"image\" height=\"293\" width=\"626\" title=\"Logotipo de Juntos Lanzamos\" onerror=\"this.style.display='none'\" src=\"data:image\/svg+xml;base64,PHN2ZyB3aWR0aD0iMSIgaGVpZ2h0PSIxIiB4bWxucz0iaHR0cDovL3d3dy53My5vcmcvMjAwMC9zdmciPjwvc3ZnPg==\" class=\"lazyload\" style=\"--smush-placeholder-width: 626px; --smush-placeholder-aspect-ratio: 626\/293;\" \/>\n\t\t\t\t<p>Juntos Lanzamos es un programa de 7 semanas habilitado digitalmente para personas interesadas en comenzar un peque\u00f1o negocio. Este programa en espa\u00f1ol est\u00e1 orientado a ayudar a los participantes con el registro adecuado de sus negocios y asistencia t\u00e9cnica en las \u00e1reas legal, contable y financiera. El programa proporciona recursos valiosos para garantizar el inicio exitoso de su negocio. Juntos Lanzamos tambi\u00e9n ofrece tutor\u00eda en educaci\u00f3n financiera, asuntos legales y marketing \/ redes sociales.<\/p>\n\t\t\t<h2>Testimonios<\/h2>\n\t\t\t\t\t\t\t\t<h3 class='uabb-testimonial-author-name testimonial-author-name'>Ang\u00e9lica Zarco D\u00edaz<\/h3>\t\t\t\t\t\t\t\t\n\t\t\t\t\t\t\t<p>El programa Juntos Lanzamos me ayud\u00f3 a entender y mejorar mi negocio. Gracias al equipo muy bien capacitado de Ramiro, Lisandra, Janet y a todos los involucrados en este maravilloso programa por su orientaci\u00f3n y ayuda. El programa me ayud\u00f3 a mejorar mis finanzas y a involucrarme m\u00e1s en el marketing de mi negocio. Ahora quiero dar el siguiente paso que es conseguir una tienda f\u00edsica para vender a\u00fan m\u00e1s y ayudar a otros emprendedores a seguir su sue\u00f1o.\u00a0<\/p>\t\t\t\t\t\t\n\t\t\t\t\t\t\t\t<h3 class='uabb-testimonial-author-name testimonial-author-name'>Ray Esparza D\u00edaz<\/h3>\t\t\t\t\t\t\t\t\n\t\t\t\t\t\t\t<p>Ten\u00eda experiencia previa como emprendedor, en mi pa\u00eds tuve un negocio que manej\u00e9 durante un par de a\u00f1os. La vida me hizo venir a Estados Unidos y empezar\u00e1 de nuevo. Conoc\u00ed estos talleres de emprendimiento y decid\u00ed realizarlos. El programa Juntos Lanzamos me ayud\u00f3 a conocer ciertos elementos que no hab\u00eda tomado en cuenta en el pasado, sobre todo, cambi\u00e9 mi forma de pensar para repensar c\u00f3mo ejecutar mi idea de negocio en este pa\u00eds. El d\u00eda de la graduaci\u00f3n, el profesor Ramiro me pregunt\u00f3 \u201c\u00bfc\u00f3mo piensas adaptarte o qu\u00e9 estrategias piensas tomar para que lo que ya has hecho funcione en este pa\u00eds?\u201d Sin duda ese punto de vista ha cambiado mi visi\u00f3n. Despu\u00e9s del curso comenc\u00e9 a pensar en lo que vendr\u00eda despu\u00e9s. Registr\u00e9 mi negocio como LLC y abr\u00ed una cuenta para poder iniciar formalmente mi negocio.<\/p>\t\t\t\t\t\t\n\t\t\t\t\t\t\t\t<h3 class='uabb-testimonial-author-name testimonial-author-name'>Karina Arrieta<\/h3>\t\t\t\t\t\t\t\t\n\t\t\t\t\t\t\t<p>El programa Juntos Lanzamos me abri\u00f3 los ojos a muchas \u00e1reas de mi negocio y como emprendedor en general. Juntos Lanzamos me ayud\u00f3 a organizarme. Pens\u00e9 que sab\u00eda todo sobre emprendimiento pero realmente no era as\u00ed. Me ayud\u00f3 a aprender mucho sobre mis finanzas. Los instructores tienen mucho conocimiento y han sido de gran ayuda durante las \u00faltimas semanas. Si hay m\u00e1s clases me encantar\u00eda ser parte de ellas. La informaci\u00f3n y los recursos que proporcionan no tienen precio. El programa Juntos Lanzamos me ha ayudado a mejorar mi negocio al ayudarme a desglosar mi negocio en general. Ahora estoy prestando atenci\u00f3n a cosas que normalmente no prestar\u00eda atenci\u00f3n o ni siquiera me dar\u00eda cuenta de que estaban ah\u00ed. Aprecio a todo este equipo y estoy agradecido de haber sido parte de esta clase. Gracias a toda la organizaci\u00f3n y a todos los involucrados.<\/p>\t\t\t\t\t\t\n\t\t\t\t\t\t\t\t<h3 class='uabb-testimonial-author-name testimonial-author-name'>Elizabeth Quezada<\/h3>\t\t\t\t\t\t\t\t\n\t\t\t\t\t\t\t<p>El Programa Juntos Lanzamos me proporcion\u00f3 herramientas y recursos educativos esenciales para organizar y expandir mi negocio. Como peque\u00f1a empresa emergente, nos enfrentamos a numerosos desaf\u00edos y obst\u00e1culos. El Programa Juntos Lanzamos me ha proporcionado conocimientos invaluables, particularmente en la comprensi\u00f3n de los aspectos financieros cruciales para lanzar un negocio.<\/p>\t\t\t\t\t\t\n\t\t\t<h5>\u00bfInteresado en aprender m\u00e1s?<\/h5><h2>Cont\u00e1ctenos<\/h2>","protected":false},"excerpt":{"rendered":"<p>Programs Juntos Lanzamos Now offering Juntos Lanzamos in Spanish and English About the Program Juntos Lanzamos is a digitally enabled 7-week program for people interested in starting a small business. This Spanish language program is geared towards assisting participants with the proper registration of their business and technical assistance in the areas of legal, accounting [&hellip;]<\/p>\n","protected":false},"author":3,"featured_media":0,"parent":25175,"menu_order":0,"comment_status":"closed","ping_status":"closed","template":"","meta":{"_monsterinsights_skip_tracking":false,"_monsterinsights_sitenote_active":false,"_monsterinsights_sitenote_note":"","_monsterinsights_sitenote_category":0,"site-sidebar-layout":"no-sidebar","site-content-layout":"page-builder","ast-site-content-layout":"full-width-container","site-content-style":"unboxed","site-sidebar-style":"unboxed","ast-global-header-display":"","ast-banner-title-visibility":"","ast-main-header-display":"","ast-hfb-above-header-display":"","ast-hfb-below-header-display":"","ast-hfb-mobile-header-display":"","site-post-title":"disabled","ast-breadcrumbs-content":"","ast-featured-img":"disabled","footer-sml-layout":"","theme-transparent-header-meta":"default","adv-header-id-meta":"","stick-header-meta":"default","header-above-stick-meta":"","header-main-stick-meta":"","header-below-stick-meta":"","astra-migrate-meta-layouts":"set","ast-page-background-enabled":"default","ast-page-background-meta":{"desktop":{"background-color":"","background-image":"","background-repeat":"repeat","background-position":"center center","background-size":"auto","background-attachment":"scroll","background-type":"","background-media":"","overlay-type":"","overlay-color":"","overlay-opacity":"","overlay-gradient":""},"tablet":{"background-color":"","background-image":"","background-repeat":"repeat","background-position":"center center","background-size":"auto","background-attachment":"scroll","background-type":"","background-media":"","overlay-type":"","overlay-color":"","overlay-opacity":"","overlay-gradient":""},"mobile":{"background-color":"","background-image":"","background-repeat":"repeat","background-position":"center center","background-size":"auto","background-attachment":"scroll","background-type":"","background-media":"","overlay-type":"","overlay-color":"","overlay-opacity":"","overlay-gradient":""}},"ast-content-background-meta":{"desktop":{"background-color":"var(--ast-global-color-5)","background-image":"","background-repeat":"repeat","background-position":"center center","background-size":"auto","background-attachment":"scroll","background-type":"","background-media":"","overlay-type":"","overlay-color":"","overlay-opacity":"","overlay-gradient":""},"tablet":{"background-color":"var(--ast-global-color-5)","background-image":"","background-repeat":"repeat","background-position":"center center","background-size":"auto","background-attachment":"scroll","background-type":"","background-media":"","overlay-type":"","overlay-color":"","overlay-opacity":"","overlay-gradient":""},"mobile":{"background-color":"var(--ast-global-color-5)","background-image":"","background-repeat":"repeat","background-position":"center center","background-size":"auto","background-attachment":"scroll","background-type":"","background-media":"","overlay-type":"","overlay-color":"","overlay-opacity":"","overlay-gradient":""}},"footnotes":""},"class_list":["post-25199","page","type-page","status-publish","hentry"],"yoast_head":"<!-- This site is optimized with the Yoast SEO plugin v27.5 - https:\/\/yoast.com\/product\/yoast-seo-wordpress\/ -->\n<title>Juntos Lanzamos - Foundation of Little Village<\/title>\n<meta name=\"robots\" content=\"index, follow, max-snippet:-1, max-image-preview:large, max-video-preview:-1\" \/>\n<link rel=\"canonical\" href=\"https:\/\/flvchicago.org\/es\/programs\/juntos-lanzamos\/\" \/>\n<meta property=\"og:locale\" content=\"es_MX\" \/>\n<meta property=\"og:type\" content=\"article\" \/>\n<meta property=\"og:title\" content=\"Juntos Lanzamos - Foundation of Little Village\" \/>\n<meta property=\"og:description\" content=\"Programs Juntos Lanzamos Now offering Juntos Lanzamos in Spanish and English About the Program Juntos Lanzamos is a digitally enabled 7-week program for people interested in starting a small business. This Spanish language program is geared towards assisting participants with the proper registration of their business and technical assistance in the areas of legal, accounting [&hellip;]\" \/>\n<meta property=\"og:url\" content=\"https:\/\/flvchicago.org\/es\/programs\/juntos-lanzamos\/\" \/>\n<meta property=\"og:site_name\" content=\"Foundation of Little Village\" \/>\n<meta property=\"article:modified_time\" content=\"2025-03-24T18:25:42+00:00\" \/>\n<meta property=\"og:image\" content=\"https:\/\/flvchicago.org\/wp-content\/uploads\/Juntos-Lanzamos-Logo.png\" \/>\n<meta name=\"twitter:card\" content=\"summary_large_image\" \/>\n<meta name=\"twitter:label1\" content=\"Est. reading time\" \/>\n\t<meta name=\"twitter:data1\" content=\"3 minutes\" \/>\n<script type=\"application\/ld+json\" class=\"yoast-schema-graph\">{\"@context\":\"https:\\\/\\\/schema.org\",\"@graph\":[{\"@type\":\"WebPage\",\"@id\":\"https:\\\/\\\/flvchicago.org\\\/programs\\\/juntos-lanzamos\\\/\",\"url\":\"https:\\\/\\\/flvchicago.org\\\/programs\\\/juntos-lanzamos\\\/\",\"name\":\"Juntos Lanzamos - Foundation of Little Village\",\"isPartOf\":{\"@id\":\"https:\\\/\\\/flvchicago.org\\\/#website\"},\"primaryImageOfPage\":{\"@id\":\"https:\\\/\\\/flvchicago.org\\\/programs\\\/juntos-lanzamos\\\/#primaryimage\"},\"image\":{\"@id\":\"https:\\\/\\\/flvchicago.org\\\/programs\\\/juntos-lanzamos\\\/#primaryimage\"},\"thumbnailUrl\":\"https:\\\/\\\/flvchicago.org\\\/wp-content\\\/uploads\\\/Juntos-Lanzamos-Logo.png\",\"datePublished\":\"2020-06-03T23:32:15+00:00\",\"dateModified\":\"2025-03-24T18:25:42+00:00\",\"breadcrumb\":{\"@id\":\"https:\\\/\\\/flvchicago.org\\\/programs\\\/juntos-lanzamos\\\/#breadcrumb\"},\"inLanguage\":\"es-MX\",\"potentialAction\":[{\"@type\":\"ReadAction\",\"target\":[\"https:\\\/\\\/flvchicago.org\\\/programs\\\/juntos-lanzamos\\\/\"]}]},{\"@type\":\"ImageObject\",\"inLanguage\":\"es-MX\",\"@id\":\"https:\\\/\\\/flvchicago.org\\\/programs\\\/juntos-lanzamos\\\/#primaryimage\",\"url\":\"https:\\\/\\\/flvchicago.org\\\/wp-content\\\/uploads\\\/Juntos-Lanzamos-Logo.png\",\"contentUrl\":\"https:\\\/\\\/flvchicago.org\\\/wp-content\\\/uploads\\\/Juntos-Lanzamos-Logo.png\"},{\"@type\":\"BreadcrumbList\",\"@id\":\"https:\\\/\\\/flvchicago.org\\\/programs\\\/juntos-lanzamos\\\/#breadcrumb\",\"itemListElement\":[{\"@type\":\"ListItem\",\"position\":1,\"name\":\"Home\",\"item\":\"https:\\\/\\\/flvchicago.org\\\/\"},{\"@type\":\"ListItem\",\"position\":2,\"name\":\"Programs\",\"item\":\"https:\\\/\\\/flvchicago.org\\\/programs\\\/\"},{\"@type\":\"ListItem\",\"position\":3,\"name\":\"Juntos Lanzamos\"}]},{\"@type\":\"WebSite\",\"@id\":\"https:\\\/\\\/flvchicago.org\\\/#website\",\"url\":\"https:\\\/\\\/flvchicago.org\\\/\",\"name\":\"Foundation of Little Village\",\"description\":\"\",\"potentialAction\":[{\"@type\":\"SearchAction\",\"target\":{\"@type\":\"EntryPoint\",\"urlTemplate\":\"https:\\\/\\\/flvchicago.org\\\/?s={search_term_string}\"},\"query-input\":{\"@type\":\"PropertyValueSpecification\",\"valueRequired\":true,\"valueName\":\"search_term_string\"}}],\"inLanguage\":\"es-MX\"}]}<\/script>\n<!-- \/ Yoast SEO plugin. -->","yoast_head_json":{"title":"Juntos Lanzamos - Foundation of Little Village","robots":{"index":"index","follow":"follow","max-snippet":"max-snippet:-1","max-image-preview":"max-image-preview:large","max-video-preview":"max-video-preview:-1"},"canonical":"https:\/\/flvchicago.org\/es\/programs\/juntos-lanzamos\/","og_locale":"es_MX","og_type":"article","og_title":"Juntos Lanzamos - Foundation of Little Village","og_description":"Programs Juntos Lanzamos Now offering Juntos Lanzamos in Spanish and English About the Program Juntos Lanzamos is a digitally enabled 7-week program for people interested in starting a small business. This Spanish language program is geared towards assisting participants with the proper registration of their business and technical assistance in the areas of legal, accounting [&hellip;]","og_url":"https:\/\/flvchicago.org\/es\/programs\/juntos-lanzamos\/","og_site_name":"Foundation of Little Village","article_modified_time":"2025-03-24T18:25:42+00:00","og_image":[{"url":"https:\/\/flvchicago.org\/wp-content\/uploads\/Juntos-Lanzamos-Logo.png","type":"","width":"","height":""}],"twitter_card":"summary_large_image","twitter_misc":{"Est. reading time":"3 minutes"},"schema":{"@context":"https:\/\/schema.org","@graph":[{"@type":"WebPage","@id":"https:\/\/flvchicago.org\/programs\/juntos-lanzamos\/","url":"https:\/\/flvchicago.org\/programs\/juntos-lanzamos\/","name":"Juntos Lanzamos - Foundation of Little Village","isPartOf":{"@id":"https:\/\/flvchicago.org\/#website"},"primaryImageOfPage":{"@id":"https:\/\/flvchicago.org\/programs\/juntos-lanzamos\/#primaryimage"},"image":{"@id":"https:\/\/flvchicago.org\/programs\/juntos-lanzamos\/#primaryimage"},"thumbnailUrl":"https:\/\/flvchicago.org\/wp-content\/uploads\/Juntos-Lanzamos-Logo.png","datePublished":"2020-06-03T23:32:15+00:00","dateModified":"2025-03-24T18:25:42+00:00","breadcrumb":{"@id":"https:\/\/flvchicago.org\/programs\/juntos-lanzamos\/#breadcrumb"},"inLanguage":"es-MX","potentialAction":[{"@type":"ReadAction","target":["https:\/\/flvchicago.org\/programs\/juntos-lanzamos\/"]}]},{"@type":"ImageObject","inLanguage":"es-MX","@id":"https:\/\/flvchicago.org\/programs\/juntos-lanzamos\/#primaryimage","url":"https:\/\/flvchicago.org\/wp-content\/uploads\/Juntos-Lanzamos-Logo.png","contentUrl":"https:\/\/flvchicago.org\/wp-content\/uploads\/Juntos-Lanzamos-Logo.png"},{"@type":"BreadcrumbList","@id":"https:\/\/flvchicago.org\/programs\/juntos-lanzamos\/#breadcrumb","itemListElement":[{"@type":"ListItem","position":1,"name":"Home","item":"https:\/\/flvchicago.org\/"},{"@type":"ListItem","position":2,"name":"Programs","item":"https:\/\/flvchicago.org\/programs\/"},{"@type":"ListItem","position":3,"name":"Juntos Lanzamos"}]},{"@type":"WebSite","@id":"https:\/\/flvchicago.org\/#website","url":"https:\/\/flvchicago.org\/","name":"Fundaci\u00f3n de La Villita","description":"","potentialAction":[{"@type":"SearchAction","target":{"@type":"EntryPoint","urlTemplate":"https:\/\/flvchicago.org\/?s={search_term_string}"},"query-input":{"@type":"PropertyValueSpecification","valueRequired":true,"valueName":"search_term_string"}}],"inLanguage":"es-MX"}]}},"_links":{"self":[{"href":"https:\/\/flvchicago.org\/es\/wp-json\/wp\/v2\/pages\/25199","targetHints":{"allow":["GET"]}}],"collection":[{"href":"https:\/\/flvchicago.org\/es\/wp-json\/wp\/v2\/pages"}],"about":[{"href":"https:\/\/flvchicago.org\/es\/wp-json\/wp\/v2\/types\/page"}],"author":[{"embeddable":true,"href":"https:\/\/flvchicago.org\/es\/wp-json\/wp\/v2\/users\/3"}],"replies":[{"embeddable":true,"href":"https:\/\/flvchicago.org\/es\/wp-json\/wp\/v2\/comments?post=25199"}],"version-history":[{"count":16,"href":"https:\/\/flvchicago.org\/es\/wp-json\/wp\/v2\/pages\/25199\/revisions"}],"predecessor-version":[{"id":26876,"href":"https:\/\/flvchicago.org\/es\/wp-json\/wp\/v2\/pages\/25199\/revisions\/26876"}],"up":[{"embeddable":true,"href":"https:\/\/flvchicago.org\/es\/wp-json\/wp\/v2\/pages\/25175"}],"wp:attachment":[{"href":"https:\/\/flvchicago.org\/es\/wp-json\/wp\/v2\/media?parent=25199"}],"curies":[{"name":"wp","href":"https:\/\/api.w.org\/{rel}","templated":true}]}}