{"id":25198,"date":"2020-06-03T18:32:00","date_gmt":"2020-06-03T23:32:00","guid":{"rendered":"https:\/\/lvcf.wpengine.com\/?page_id=25198"},"modified":"2025-03-24T13:25:07","modified_gmt":"2025-03-24T18:25:07","slug":"juntos-emprendemos","status":"publish","type":"page","link":"https:\/\/flvchicago.org\/es\/programs\/juntos-emprendemos\/","title":{"rendered":"Juntos Emprendemos"},"content":{"rendered":"<h5>Programas<\/h5><h1>Juntos Emprendemos<\/h1>\t\t\t\n\t\t\t<h2>Sobre el programa<\/h2>\n\t\t\t\t<img decoding=\"async\" data-src=\"https:\/\/flvchicago.org\/wp-content\/uploads\/Juntos-Emprendemos-Logo.png\" alt=\"Juntos Emprendemos Logo\" itemprop=\"image\" height=\"560\" width=\"1200\" title=\"Logotipo de Juntos Emprendemos\" onerror=\"this.style.display='none'\" src=\"data:image\/svg+xml;base64,PHN2ZyB3aWR0aD0iMSIgaGVpZ2h0PSIxIiB4bWxucz0iaHR0cDovL3d3dy53My5vcmcvMjAwMC9zdmciPjwvc3ZnPg==\" class=\"lazyload\" style=\"--smush-placeholder-width: 1200px; --smush-placeholder-aspect-ratio: 1200\/560;\" \/>\n\t\t\t\t<p>Juntos Emprendemos es el programa de cohorte exclusivo de la Fundaci\u00f3n de 12 semanas dise\u00f1ado para 10 a 12 participantes con un enfoque de aprendizaje combinado que incluye mentores y expertos en la materia. Los materiales en espa\u00f1ol son personalizados y culturalmente relevantes. Se anima a los participantes del cohorte a implementar conceptos empresariales aprendidos a lo largo del programa para tomar decisiones y actuar con la gu\u00eda de mentores y pares. Juntos Emprendemos est\u00e1 fuertemente enfocado en brindar herramientas y recursos para construir operaciones financieras y comerciales s\u00f3lidas para el crecimiento y el \u00e9xito a largo plazo.<\/p>\n\t\t\t<h2>Testimonios<\/h2>\n\t\t\t\t\t\t\t\t<h3 class='uabb-testimonial-author-name testimonial-author-name'>Mar\u00eda \u00c1valos<\/h3>\t\t\t\t\t\t\t\t\n\t\t\t\t\t\t\t<p>El programa Juntos Emprendemos me ayud\u00f3 a entender m\u00e1s el \u00e1rea administrativa de mi negocio ya asegurarme sobre los reglamentos necesarios que mi negocio necesita. En lo que m\u00e1s me ayud\u00f3, Juntos Emprendemos es en el \u00e1rea de networking ya que en mi negocio es primordial hacer relaciones para llegar a m\u00e1s personas y futuros clientes. Tambi\u00e9n me ayud\u00f3 en poder crear redes sociales como referencia para clientes ya existentes y futuros.<\/p>\t\t\t\t\t\t\n\t\t\t\t\t\t\t\t<h3 class='uabb-testimonial-author-name testimonial-author-name'>Marilenny Figuera<\/h3>\t\t\t\t\t\t\t\t\n\t\t\t\t\t\t\t<p>El programa me ha servido mucho como emprendedora ya que he aprendido mucho, he hecho muchas conexiones y amistades. Sobre todo he aprendido de primera mano todo lo necesario para emprender en este pa\u00eds, ya que yo llegu\u00e9 hace 5 a\u00f1os de Venezuela y el hacer este tipo de programas me ayuda a conectar m\u00e1s con la comunidad, las leyes y las finanzas de este pa\u00eds. Este programa espec\u00edficamente me ha ayudado mucho en el aspecto financiero. Sin dejar atr\u00e1s las conexi\u00f3n y el ambiente super amable y ameno de los profesores.\u00a0<\/p>\t\t\t\t\t\t\n\t\t\t\t<img decoding=\"async\" data-src=\"https:\/\/flvchicago.org\/wp-content\/uploads\/EI4A1292-scaled.jpg\" alt=\"EI4A1292\" itemprop=\"image\" height=\"1200\" width=\"1500\" title=\"EI4A1292\" onerror=\"this.style.display='none'\" src=\"data:image\/svg+xml;base64,PHN2ZyB3aWR0aD0iMSIgaGVpZ2h0PSIxIiB4bWxucz0iaHR0cDovL3d3dy53My5vcmcvMjAwMC9zdmciPjwvc3ZnPg==\" class=\"lazyload\" style=\"--smush-placeholder-width: 1500px; --smush-placeholder-aspect-ratio: 1500\/1200;\" \/>\n\t\t\t<h5>\u00bfInteresado en aprender m\u00e1s?<\/h5><h2>Cont\u00e1ctenos<\/h2>","protected":false},"excerpt":{"rendered":"<p>Programs Juntos Emprendemos About the Program Juntos Emprendemos is the Foundation&#8217;s signature 12-week cohort program designed for 10-12 participants with a blended learning approach that includes subject matter experts and mentors. Spanish-language materials are customized and culturally relevant. Cohort participants are encouraged to implement business concepts learned throughout the program to make decisions and take [&hellip;]<\/p>\n","protected":false},"author":3,"featured_media":0,"parent":25175,"menu_order":0,"comment_status":"closed","ping_status":"closed","template":"","meta":{"_monsterinsights_skip_tracking":false,"_monsterinsights_sitenote_active":false,"_monsterinsights_sitenote_note":"","_monsterinsights_sitenote_category":0,"site-sidebar-layout":"no-sidebar","site-content-layout":"page-builder","ast-site-content-layout":"full-width-container","site-content-style":"unboxed","site-sidebar-style":"unboxed","ast-global-header-display":"","ast-banner-title-visibility":"","ast-main-header-display":"","ast-hfb-above-header-display":"","ast-hfb-below-header-display":"","ast-hfb-mobile-header-display":"","site-post-title":"disabled","ast-breadcrumbs-content":"","ast-featured-img":"disabled","footer-sml-layout":"","theme-transparent-header-meta":"default","adv-header-id-meta":"","stick-header-meta":"default","header-above-stick-meta":"","header-main-stick-meta":"","header-below-stick-meta":"","astra-migrate-meta-layouts":"set","ast-page-background-enabled":"default","ast-page-background-meta":{"desktop":{"background-color":"","background-image":"","background-repeat":"repeat","background-position":"center center","background-size":"auto","background-attachment":"scroll","background-type":"","background-media":"","overlay-type":"","overlay-color":"","overlay-opacity":"","overlay-gradient":""},"tablet":{"background-color":"","background-image":"","background-repeat":"repeat","background-position":"center center","background-size":"auto","background-attachment":"scroll","background-type":"","background-media":"","overlay-type":"","overlay-color":"","overlay-opacity":"","overlay-gradient":""},"mobile":{"background-color":"","background-image":"","background-repeat":"repeat","background-position":"center center","background-size":"auto","background-attachment":"scroll","background-type":"","background-media":"","overlay-type":"","overlay-color":"","overlay-opacity":"","overlay-gradient":""}},"ast-content-background-meta":{"desktop":{"background-color":"var(--ast-global-color-5)","background-image":"","background-repeat":"repeat","background-position":"center center","background-size":"auto","background-attachment":"scroll","background-type":"","background-media":"","overlay-type":"","overlay-color":"","overlay-opacity":"","overlay-gradient":""},"tablet":{"background-color":"var(--ast-global-color-5)","background-image":"","background-repeat":"repeat","background-position":"center center","background-size":"auto","background-attachment":"scroll","background-type":"","background-media":"","overlay-type":"","overlay-color":"","overlay-opacity":"","overlay-gradient":""},"mobile":{"background-color":"var(--ast-global-color-5)","background-image":"","background-repeat":"repeat","background-position":"center center","background-size":"auto","background-attachment":"scroll","background-type":"","background-media":"","overlay-type":"","overlay-color":"","overlay-opacity":"","overlay-gradient":""}},"footnotes":""},"class_list":["post-25198","page","type-page","status-publish","hentry"],"yoast_head":"<!-- This site is optimized with the Yoast SEO plugin v27.4 - https:\/\/yoast.com\/product\/yoast-seo-wordpress\/ -->\n<title>Juntos Emprendemos - Foundation of Little Village<\/title>\n<meta name=\"robots\" content=\"index, follow, max-snippet:-1, max-image-preview:large, max-video-preview:-1\" \/>\n<link rel=\"canonical\" href=\"https:\/\/flvchicago.org\/es\/programs\/juntos-emprendemos\/\" \/>\n<meta property=\"og:locale\" content=\"es_MX\" \/>\n<meta property=\"og:type\" content=\"article\" \/>\n<meta property=\"og:title\" content=\"Juntos Emprendemos - Foundation of Little Village\" \/>\n<meta property=\"og:description\" content=\"Programs Juntos Emprendemos About the Program Juntos Emprendemos is the Foundation&#8217;s signature 12-week cohort program designed for 10-12 participants with a blended learning approach that includes subject matter experts and mentors. Spanish-language materials are customized and culturally relevant. Cohort participants are encouraged to implement business concepts learned throughout the program to make decisions and take [&hellip;]\" \/>\n<meta property=\"og:url\" content=\"https:\/\/flvchicago.org\/es\/programs\/juntos-emprendemos\/\" \/>\n<meta property=\"og:site_name\" content=\"Foundation of Little Village\" \/>\n<meta property=\"article:modified_time\" content=\"2025-03-24T18:25:07+00:00\" \/>\n<meta property=\"og:image\" content=\"https:\/\/flvchicago.org\/wp-content\/uploads\/Juntos-Emprendemos-Logo.png\" \/>\n<meta name=\"twitter:card\" content=\"summary_large_image\" \/>\n<meta name=\"twitter:label1\" content=\"Est. reading time\" \/>\n\t<meta name=\"twitter:data1\" content=\"2 minutes\" \/>\n<script type=\"application\/ld+json\" class=\"yoast-schema-graph\">{\"@context\":\"https:\\\/\\\/schema.org\",\"@graph\":[{\"@type\":\"WebPage\",\"@id\":\"https:\\\/\\\/flvchicago.org\\\/programs\\\/juntos-emprendemos\\\/\",\"url\":\"https:\\\/\\\/flvchicago.org\\\/programs\\\/juntos-emprendemos\\\/\",\"name\":\"Juntos Emprendemos - Foundation of Little Village\",\"isPartOf\":{\"@id\":\"https:\\\/\\\/flvchicago.org\\\/#website\"},\"primaryImageOfPage\":{\"@id\":\"https:\\\/\\\/flvchicago.org\\\/programs\\\/juntos-emprendemos\\\/#primaryimage\"},\"image\":{\"@id\":\"https:\\\/\\\/flvchicago.org\\\/programs\\\/juntos-emprendemos\\\/#primaryimage\"},\"thumbnailUrl\":\"https:\\\/\\\/flvchicago.org\\\/wp-content\\\/uploads\\\/Juntos-Emprendemos-Logo.png\",\"datePublished\":\"2020-06-03T23:32:00+00:00\",\"dateModified\":\"2025-03-24T18:25:07+00:00\",\"breadcrumb\":{\"@id\":\"https:\\\/\\\/flvchicago.org\\\/programs\\\/juntos-emprendemos\\\/#breadcrumb\"},\"inLanguage\":\"es-MX\",\"potentialAction\":[{\"@type\":\"ReadAction\",\"target\":[\"https:\\\/\\\/flvchicago.org\\\/programs\\\/juntos-emprendemos\\\/\"]}]},{\"@type\":\"ImageObject\",\"inLanguage\":\"es-MX\",\"@id\":\"https:\\\/\\\/flvchicago.org\\\/programs\\\/juntos-emprendemos\\\/#primaryimage\",\"url\":\"https:\\\/\\\/flvchicago.org\\\/wp-content\\\/uploads\\\/Juntos-Emprendemos-Logo.png\",\"contentUrl\":\"https:\\\/\\\/flvchicago.org\\\/wp-content\\\/uploads\\\/Juntos-Emprendemos-Logo.png\"},{\"@type\":\"BreadcrumbList\",\"@id\":\"https:\\\/\\\/flvchicago.org\\\/programs\\\/juntos-emprendemos\\\/#breadcrumb\",\"itemListElement\":[{\"@type\":\"ListItem\",\"position\":1,\"name\":\"Home\",\"item\":\"https:\\\/\\\/flvchicago.org\\\/\"},{\"@type\":\"ListItem\",\"position\":2,\"name\":\"Programs\",\"item\":\"https:\\\/\\\/flvchicago.org\\\/programs\\\/\"},{\"@type\":\"ListItem\",\"position\":3,\"name\":\"Juntos Emprendemos\"}]},{\"@type\":\"WebSite\",\"@id\":\"https:\\\/\\\/flvchicago.org\\\/#website\",\"url\":\"https:\\\/\\\/flvchicago.org\\\/\",\"name\":\"Foundation of Little Village\",\"description\":\"\",\"potentialAction\":[{\"@type\":\"SearchAction\",\"target\":{\"@type\":\"EntryPoint\",\"urlTemplate\":\"https:\\\/\\\/flvchicago.org\\\/?s={search_term_string}\"},\"query-input\":{\"@type\":\"PropertyValueSpecification\",\"valueRequired\":true,\"valueName\":\"search_term_string\"}}],\"inLanguage\":\"es-MX\"}]}<\/script>\n<!-- \/ Yoast SEO plugin. -->","yoast_head_json":{"title":"Juntos Emprendemos - Foundation of Little Village","robots":{"index":"index","follow":"follow","max-snippet":"max-snippet:-1","max-image-preview":"max-image-preview:large","max-video-preview":"max-video-preview:-1"},"canonical":"https:\/\/flvchicago.org\/es\/programs\/juntos-emprendemos\/","og_locale":"es_MX","og_type":"article","og_title":"Juntos Emprendemos - Foundation of Little Village","og_description":"Programs Juntos Emprendemos About the Program Juntos Emprendemos is the Foundation&#8217;s signature 12-week cohort program designed for 10-12 participants with a blended learning approach that includes subject matter experts and mentors. Spanish-language materials are customized and culturally relevant. Cohort participants are encouraged to implement business concepts learned throughout the program to make decisions and take [&hellip;]","og_url":"https:\/\/flvchicago.org\/es\/programs\/juntos-emprendemos\/","og_site_name":"Foundation of Little Village","article_modified_time":"2025-03-24T18:25:07+00:00","og_image":[{"url":"https:\/\/flvchicago.org\/wp-content\/uploads\/Juntos-Emprendemos-Logo.png","type":"","width":"","height":""}],"twitter_card":"summary_large_image","twitter_misc":{"Est. reading time":"2 minutes"},"schema":{"@context":"https:\/\/schema.org","@graph":[{"@type":"WebPage","@id":"https:\/\/flvchicago.org\/programs\/juntos-emprendemos\/","url":"https:\/\/flvchicago.org\/programs\/juntos-emprendemos\/","name":"Juntos Emprendemos - Foundation of Little Village","isPartOf":{"@id":"https:\/\/flvchicago.org\/#website"},"primaryImageOfPage":{"@id":"https:\/\/flvchicago.org\/programs\/juntos-emprendemos\/#primaryimage"},"image":{"@id":"https:\/\/flvchicago.org\/programs\/juntos-emprendemos\/#primaryimage"},"thumbnailUrl":"https:\/\/flvchicago.org\/wp-content\/uploads\/Juntos-Emprendemos-Logo.png","datePublished":"2020-06-03T23:32:00+00:00","dateModified":"2025-03-24T18:25:07+00:00","breadcrumb":{"@id":"https:\/\/flvchicago.org\/programs\/juntos-emprendemos\/#breadcrumb"},"inLanguage":"es-MX","potentialAction":[{"@type":"ReadAction","target":["https:\/\/flvchicago.org\/programs\/juntos-emprendemos\/"]}]},{"@type":"ImageObject","inLanguage":"es-MX","@id":"https:\/\/flvchicago.org\/programs\/juntos-emprendemos\/#primaryimage","url":"https:\/\/flvchicago.org\/wp-content\/uploads\/Juntos-Emprendemos-Logo.png","contentUrl":"https:\/\/flvchicago.org\/wp-content\/uploads\/Juntos-Emprendemos-Logo.png"},{"@type":"BreadcrumbList","@id":"https:\/\/flvchicago.org\/programs\/juntos-emprendemos\/#breadcrumb","itemListElement":[{"@type":"ListItem","position":1,"name":"Home","item":"https:\/\/flvchicago.org\/"},{"@type":"ListItem","position":2,"name":"Programs","item":"https:\/\/flvchicago.org\/programs\/"},{"@type":"ListItem","position":3,"name":"Juntos Emprendemos"}]},{"@type":"WebSite","@id":"https:\/\/flvchicago.org\/#website","url":"https:\/\/flvchicago.org\/","name":"Fundaci\u00f3n de La Villita","description":"","potentialAction":[{"@type":"SearchAction","target":{"@type":"EntryPoint","urlTemplate":"https:\/\/flvchicago.org\/?s={search_term_string}"},"query-input":{"@type":"PropertyValueSpecification","valueRequired":true,"valueName":"search_term_string"}}],"inLanguage":"es-MX"}]}},"_links":{"self":[{"href":"https:\/\/flvchicago.org\/es\/wp-json\/wp\/v2\/pages\/25198","targetHints":{"allow":["GET"]}}],"collection":[{"href":"https:\/\/flvchicago.org\/es\/wp-json\/wp\/v2\/pages"}],"about":[{"href":"https:\/\/flvchicago.org\/es\/wp-json\/wp\/v2\/types\/page"}],"author":[{"embeddable":true,"href":"https:\/\/flvchicago.org\/es\/wp-json\/wp\/v2\/users\/3"}],"replies":[{"embeddable":true,"href":"https:\/\/flvchicago.org\/es\/wp-json\/wp\/v2\/comments?post=25198"}],"version-history":[{"count":4,"href":"https:\/\/flvchicago.org\/es\/wp-json\/wp\/v2\/pages\/25198\/revisions"}],"predecessor-version":[{"id":26871,"href":"https:\/\/flvchicago.org\/es\/wp-json\/wp\/v2\/pages\/25198\/revisions\/26871"}],"up":[{"embeddable":true,"href":"https:\/\/flvchicago.org\/es\/wp-json\/wp\/v2\/pages\/25175"}],"wp:attachment":[{"href":"https:\/\/flvchicago.org\/es\/wp-json\/wp\/v2\/media?parent=25198"}],"curies":[{"name":"wp","href":"https:\/\/api.w.org\/{rel}","templated":true}]}}