{"id":25176,"date":"2020-06-03T17:20:59","date_gmt":"2020-06-03T22:20:59","guid":{"rendered":"https:\/\/lvcf.wpengine.com\/?page_id=25176"},"modified":"2025-03-24T15:04:00","modified_gmt":"2025-03-24T20:04:00","slug":"juntos-avanzamos","status":"publish","type":"page","link":"https:\/\/flvchicago.org\/es\/programs\/juntos-avanzamos\/","title":{"rendered":"Juntos Avanzamos"},"content":{"rendered":"<h5>Programas<\/h5><h1>Juntos Avanzamos<\/h1>\t\t\t\n\t\t\t<h2>Sobre el programa<\/h2>\n\t\t\t\t<img decoding=\"async\" data-src=\"https:\/\/flvchicago.org\/wp-content\/uploads\/Juntos-avanzamos-Logo.png\" alt=\"Juntos avanzamos Logo\" itemprop=\"image\" height=\"293\" width=\"626\" title=\"Logotipo de Juntos avanzamos\" onerror=\"this.style.display='none'\" src=\"data:image\/svg+xml;base64,PHN2ZyB3aWR0aD0iMSIgaGVpZ2h0PSIxIiB4bWxucz0iaHR0cDovL3d3dy53My5vcmcvMjAwMC9zdmciPjwvc3ZnPg==\" class=\"lazyload\" style=\"--smush-placeholder-width: 626px; --smush-placeholder-aspect-ratio: 626\/293;\" \/>\n\t\t\t\t<p>Juntos Avanzamos provides grants to small businesses in the Little Village neighborhood and surrounding communities of Chicago.\u00a0 Juntos Avanzamos is a Spanish language financial literacy program available to prior graduates of Juntos Emprendemos or Juntos Lanzamos.\u00a0 Upon successful completion of Juntos Avanzamos, qualified participants may be eligible for a microgrant that leverages their debt or investment capital.<\/p>\n\t\t\t<h2>Testimonios<\/h2>\n\t\t\t\t\t\t\t<p>\u201cEl programa me ense\u00f1\u00f3 puntos esenciales antes de iniciar un negocio, la importancia del flujo de caja, la organizaci\u00f3n y buena gesti\u00f3n de los recursos de la empresa. Tambi\u00e9n me ayud\u00f3 a conocer a otros emprendedores que tambi\u00e9n est\u00e1n iniciando su camino en el emprendimiento. <br \/>El programa tiene informaci\u00f3n muy \u00fatil y precisa para poder ver los 360 grados del negocio no solo la parte operativa que es lo que uno m\u00e1s mira inicialmente. Me encantan las clases, las tem\u00e1ticas y los profesores.\u201d<\/p>\t\t\t\t\t\t\n\t\t\t\t\t\t\t\t<h5 class='uabb-testimonial-author-name testimonial-author-name'>\u2013 Camilo Andr\u00e9s Alarc\u00f3n Reyes<\/h5>\t\t\t\t\t\t\t\t\n\t\t\t\t\t\t\t<p>\u201cEl programa ha sido una parte importante de mi crecimiento como emprendedor, ayud\u00e1ndome a comprender conceptos importantes para ser un propietario de negocio exitoso. Adem\u00e1s de facilitar con apoyo de subvenciones.<br \/>El programa cuenta con las herramientas y la orientaci\u00f3n necesarias para ayudar a cualquier emprendedor principiante a alcanzar sus objetivos comerciales. Son muy ingeniosos y expertos en su campo, tienen la capacidad natural de guiarlo paso a paso, fortaleciendo su confianza para tener \u00e9xito... \u00a1no puede fallar con su equipo a su lado!<\/p>\t\t\t\t\t\t\n\t\t\t\t\t\t\t\t<h5 class='uabb-testimonial-author-name testimonial-author-name'>\u2013 Ana Rodr\u00edguez<\/h5>\t\t\t\t\t\t\t\t\n\t\t\t\t\t\t\t<p>\u201cEste programa me ha ayudado a ser m\u00e1s organizado en mi negocio y tener un control m\u00e1s exacto de mis finanzas tanto de entrada como de salidas y tener mayor conocimiento de ayuda para peque\u00f1os negocios y claro que recomendar\u00eda este programa pues siempre hay algo nuevo que aprender. &quot;<\/p>\n\t\t\t\t\t\t\t\t<h5 class='uabb-testimonial-author-name testimonial-author-name'>\u2013 Kocoy Malag\u00f3n<\/h5>\t\t\t\t\t\t\t\t\n\t\t\t\t\t\t\t<p>&#8220;El programa &#8220;Juntos Avanzamos&#8221; hace honor a su nombre. La orientaci\u00f3n, apoyo, herramientas y aprendizaje que provee el programa fue fundamental para la creaci\u00f3n y desarrollo de Womade Brands. Mi mama y yo siempre hemos so\u00f1ado en crear un negocio juntas y si no hubiera sido por la oportunidad que la fundaci\u00f3n de La Villita ha prove\u00eddo, especialmente el programa siendo biling\u00fce, no hubi\u00e9ramos tomado la decisi\u00f3n de finalmente tomar riendas para hacer nuestro sue\u00f1o realidad.Nosotros si recomendariamos el programa a otros emprendedores ya que fue muy estructurado al entendimiento de emprendedores que apenas est\u00e1n en la etapa de idea. Tambi\u00e9n porque el programa da oportunidad a emprendedores a seguir con otros programas m\u00e1s avanzados para poder crecer su negocio y recibir capital.&#8221;<\/p>\t\t\t\t\t\t\n\t\t\t\t\t\t\t\t<h5 class='uabb-testimonial-author-name testimonial-author-name'>\u2013Marisol Reyes<\/h5>\t\t\t\t\t\t\t\t\n\t\t\t\t<img decoding=\"async\" data-src=\"https:\/\/flvchicago.org\/wp-content\/uploads\/EI4A2530-scaled.jpg\" alt=\"Avanzamos Graduation\" itemprop=\"image\" height=\"1200\" width=\"1500\" title=\"EI4A2530\" onerror=\"this.style.display='none'\" src=\"data:image\/svg+xml;base64,PHN2ZyB3aWR0aD0iMSIgaGVpZ2h0PSIxIiB4bWxucz0iaHR0cDovL3d3dy53My5vcmcvMjAwMC9zdmciPjwvc3ZnPg==\" class=\"lazyload\" style=\"--smush-placeholder-width: 1500px; --smush-placeholder-aspect-ratio: 1500\/1200;\" \/>\n\t\t\t<h5>\u00bfInteresado en aprender m\u00e1s?<\/h5><h2>Cont\u00e1ctenos<\/h2>","protected":false},"excerpt":{"rendered":"<p>Programs Juntos Avanzamos About the Program Juntos Avanzamos provides grants to small businesses in the Little Village neighborhood and surrounding communities of Chicago.\u00a0 Juntos Avanzamos is a Spanish language financial literacy program available to prior graduates of Juntos Emprendemos or Juntos Lanzamos.\u00a0 Upon successful completion of Juntos Avanzamos, qualified participants may be eligible for a [&hellip;]<\/p>\n","protected":false},"author":3,"featured_media":0,"parent":25175,"menu_order":0,"comment_status":"closed","ping_status":"closed","template":"","meta":{"_monsterinsights_skip_tracking":false,"_monsterinsights_sitenote_active":false,"_monsterinsights_sitenote_note":"","_monsterinsights_sitenote_category":0,"site-sidebar-layout":"no-sidebar","site-content-layout":"page-builder","ast-site-content-layout":"full-width-container","site-content-style":"unboxed","site-sidebar-style":"unboxed","ast-global-header-display":"","ast-banner-title-visibility":"","ast-main-header-display":"","ast-hfb-above-header-display":"","ast-hfb-below-header-display":"","ast-hfb-mobile-header-display":"","site-post-title":"disabled","ast-breadcrumbs-content":"","ast-featured-img":"disabled","footer-sml-layout":"","theme-transparent-header-meta":"default","adv-header-id-meta":"","stick-header-meta":"default","header-above-stick-meta":"","header-main-stick-meta":"","header-below-stick-meta":"","astra-migrate-meta-layouts":"set","ast-page-background-enabled":"default","ast-page-background-meta":{"desktop":{"background-color":"","background-image":"","background-repeat":"repeat","background-position":"center center","background-size":"auto","background-attachment":"scroll","background-type":"","background-media":"","overlay-type":"","overlay-color":"","overlay-opacity":"","overlay-gradient":""},"tablet":{"background-color":"","background-image":"","background-repeat":"repeat","background-position":"center center","background-size":"auto","background-attachment":"scroll","background-type":"","background-media":"","overlay-type":"","overlay-color":"","overlay-opacity":"","overlay-gradient":""},"mobile":{"background-color":"","background-image":"","background-repeat":"repeat","background-position":"center center","background-size":"auto","background-attachment":"scroll","background-type":"","background-media":"","overlay-type":"","overlay-color":"","overlay-opacity":"","overlay-gradient":""}},"ast-content-background-meta":{"desktop":{"background-color":"var(--ast-global-color-5)","background-image":"","background-repeat":"repeat","background-position":"center center","background-size":"auto","background-attachment":"scroll","background-type":"","background-media":"","overlay-type":"","overlay-color":"","overlay-opacity":"","overlay-gradient":""},"tablet":{"background-color":"var(--ast-global-color-5)","background-image":"","background-repeat":"repeat","background-position":"center center","background-size":"auto","background-attachment":"scroll","background-type":"","background-media":"","overlay-type":"","overlay-color":"","overlay-opacity":"","overlay-gradient":""},"mobile":{"background-color":"var(--ast-global-color-5)","background-image":"","background-repeat":"repeat","background-position":"center center","background-size":"auto","background-attachment":"scroll","background-type":"","background-media":"","overlay-type":"","overlay-color":"","overlay-opacity":"","overlay-gradient":""}},"footnotes":""},"class_list":["post-25176","page","type-page","status-publish","hentry"],"yoast_head":"<!-- This site is optimized with the Yoast SEO plugin v27.5 - https:\/\/yoast.com\/product\/yoast-seo-wordpress\/ -->\n<title>Juntos Avanzamos - Foundation of Little Village<\/title>\n<meta name=\"robots\" content=\"index, follow, max-snippet:-1, max-image-preview:large, max-video-preview:-1\" \/>\n<link rel=\"canonical\" href=\"https:\/\/flvchicago.org\/es\/programs\/juntos-avanzamos\/\" \/>\n<meta property=\"og:locale\" content=\"es_MX\" \/>\n<meta property=\"og:type\" content=\"article\" \/>\n<meta property=\"og:title\" content=\"Juntos Avanzamos - Foundation of Little Village\" \/>\n<meta property=\"og:description\" content=\"Programs Juntos Avanzamos About the Program Juntos Avanzamos provides grants to small businesses in the Little Village neighborhood and surrounding communities of Chicago.\u00a0 Juntos Avanzamos is a Spanish language financial literacy program available to prior graduates of Juntos Emprendemos or Juntos Lanzamos.\u00a0 Upon successful completion of Juntos Avanzamos, qualified participants may be eligible for a [&hellip;]\" \/>\n<meta property=\"og:url\" content=\"https:\/\/flvchicago.org\/es\/programs\/juntos-avanzamos\/\" \/>\n<meta property=\"og:site_name\" content=\"Foundation of Little Village\" \/>\n<meta property=\"article:modified_time\" content=\"2025-03-24T20:04:00+00:00\" \/>\n<meta property=\"og:image\" content=\"https:\/\/flvchicago.org\/wp-content\/uploads\/Juntos-avanzamos-Logo.png\" \/>\n<meta name=\"twitter:card\" content=\"summary_large_image\" \/>\n<meta name=\"twitter:label1\" content=\"Est. reading time\" \/>\n\t<meta name=\"twitter:data1\" content=\"3 minutes\" \/>\n<script type=\"application\/ld+json\" class=\"yoast-schema-graph\">{\"@context\":\"https:\\\/\\\/schema.org\",\"@graph\":[{\"@type\":\"WebPage\",\"@id\":\"https:\\\/\\\/flvchicago.org\\\/programs\\\/juntos-avanzamos\\\/\",\"url\":\"https:\\\/\\\/flvchicago.org\\\/programs\\\/juntos-avanzamos\\\/\",\"name\":\"Juntos Avanzamos - Foundation of Little Village\",\"isPartOf\":{\"@id\":\"https:\\\/\\\/flvchicago.org\\\/#website\"},\"primaryImageOfPage\":{\"@id\":\"https:\\\/\\\/flvchicago.org\\\/programs\\\/juntos-avanzamos\\\/#primaryimage\"},\"image\":{\"@id\":\"https:\\\/\\\/flvchicago.org\\\/programs\\\/juntos-avanzamos\\\/#primaryimage\"},\"thumbnailUrl\":\"https:\\\/\\\/flvchicago.org\\\/wp-content\\\/uploads\\\/Juntos-avanzamos-Logo.png\",\"datePublished\":\"2020-06-03T22:20:59+00:00\",\"dateModified\":\"2025-03-24T20:04:00+00:00\",\"breadcrumb\":{\"@id\":\"https:\\\/\\\/flvchicago.org\\\/programs\\\/juntos-avanzamos\\\/#breadcrumb\"},\"inLanguage\":\"es-MX\",\"potentialAction\":[{\"@type\":\"ReadAction\",\"target\":[\"https:\\\/\\\/flvchicago.org\\\/programs\\\/juntos-avanzamos\\\/\"]}]},{\"@type\":\"ImageObject\",\"inLanguage\":\"es-MX\",\"@id\":\"https:\\\/\\\/flvchicago.org\\\/programs\\\/juntos-avanzamos\\\/#primaryimage\",\"url\":\"https:\\\/\\\/flvchicago.org\\\/wp-content\\\/uploads\\\/Juntos-avanzamos-Logo.png\",\"contentUrl\":\"https:\\\/\\\/flvchicago.org\\\/wp-content\\\/uploads\\\/Juntos-avanzamos-Logo.png\"},{\"@type\":\"BreadcrumbList\",\"@id\":\"https:\\\/\\\/flvchicago.org\\\/programs\\\/juntos-avanzamos\\\/#breadcrumb\",\"itemListElement\":[{\"@type\":\"ListItem\",\"position\":1,\"name\":\"Home\",\"item\":\"https:\\\/\\\/flvchicago.org\\\/\"},{\"@type\":\"ListItem\",\"position\":2,\"name\":\"Programs\",\"item\":\"https:\\\/\\\/flvchicago.org\\\/programs\\\/\"},{\"@type\":\"ListItem\",\"position\":3,\"name\":\"Juntos Avanzamos\"}]},{\"@type\":\"WebSite\",\"@id\":\"https:\\\/\\\/flvchicago.org\\\/#website\",\"url\":\"https:\\\/\\\/flvchicago.org\\\/\",\"name\":\"Foundation of Little Village\",\"description\":\"\",\"potentialAction\":[{\"@type\":\"SearchAction\",\"target\":{\"@type\":\"EntryPoint\",\"urlTemplate\":\"https:\\\/\\\/flvchicago.org\\\/?s={search_term_string}\"},\"query-input\":{\"@type\":\"PropertyValueSpecification\",\"valueRequired\":true,\"valueName\":\"search_term_string\"}}],\"inLanguage\":\"es-MX\"}]}<\/script>\n<!-- \/ Yoast SEO plugin. -->","yoast_head_json":{"title":"Juntos Avanzamos - Foundation of Little Village","robots":{"index":"index","follow":"follow","max-snippet":"max-snippet:-1","max-image-preview":"max-image-preview:large","max-video-preview":"max-video-preview:-1"},"canonical":"https:\/\/flvchicago.org\/es\/programs\/juntos-avanzamos\/","og_locale":"es_MX","og_type":"article","og_title":"Juntos Avanzamos - Foundation of Little Village","og_description":"Programs Juntos Avanzamos About the Program Juntos Avanzamos provides grants to small businesses in the Little Village neighborhood and surrounding communities of Chicago.\u00a0 Juntos Avanzamos is a Spanish language financial literacy program available to prior graduates of Juntos Emprendemos or Juntos Lanzamos.\u00a0 Upon successful completion of Juntos Avanzamos, qualified participants may be eligible for a [&hellip;]","og_url":"https:\/\/flvchicago.org\/es\/programs\/juntos-avanzamos\/","og_site_name":"Foundation of Little Village","article_modified_time":"2025-03-24T20:04:00+00:00","og_image":[{"url":"https:\/\/flvchicago.org\/wp-content\/uploads\/Juntos-avanzamos-Logo.png","type":"","width":"","height":""}],"twitter_card":"summary_large_image","twitter_misc":{"Est. reading time":"3 minutes"},"schema":{"@context":"https:\/\/schema.org","@graph":[{"@type":"WebPage","@id":"https:\/\/flvchicago.org\/programs\/juntos-avanzamos\/","url":"https:\/\/flvchicago.org\/programs\/juntos-avanzamos\/","name":"Juntos Avanzamos - Foundation of Little Village","isPartOf":{"@id":"https:\/\/flvchicago.org\/#website"},"primaryImageOfPage":{"@id":"https:\/\/flvchicago.org\/programs\/juntos-avanzamos\/#primaryimage"},"image":{"@id":"https:\/\/flvchicago.org\/programs\/juntos-avanzamos\/#primaryimage"},"thumbnailUrl":"https:\/\/flvchicago.org\/wp-content\/uploads\/Juntos-avanzamos-Logo.png","datePublished":"2020-06-03T22:20:59+00:00","dateModified":"2025-03-24T20:04:00+00:00","breadcrumb":{"@id":"https:\/\/flvchicago.org\/programs\/juntos-avanzamos\/#breadcrumb"},"inLanguage":"es-MX","potentialAction":[{"@type":"ReadAction","target":["https:\/\/flvchicago.org\/programs\/juntos-avanzamos\/"]}]},{"@type":"ImageObject","inLanguage":"es-MX","@id":"https:\/\/flvchicago.org\/programs\/juntos-avanzamos\/#primaryimage","url":"https:\/\/flvchicago.org\/wp-content\/uploads\/Juntos-avanzamos-Logo.png","contentUrl":"https:\/\/flvchicago.org\/wp-content\/uploads\/Juntos-avanzamos-Logo.png"},{"@type":"BreadcrumbList","@id":"https:\/\/flvchicago.org\/programs\/juntos-avanzamos\/#breadcrumb","itemListElement":[{"@type":"ListItem","position":1,"name":"Home","item":"https:\/\/flvchicago.org\/"},{"@type":"ListItem","position":2,"name":"Programs","item":"https:\/\/flvchicago.org\/programs\/"},{"@type":"ListItem","position":3,"name":"Juntos Avanzamos"}]},{"@type":"WebSite","@id":"https:\/\/flvchicago.org\/#website","url":"https:\/\/flvchicago.org\/","name":"Fundaci\u00f3n de La Villita","description":"","potentialAction":[{"@type":"SearchAction","target":{"@type":"EntryPoint","urlTemplate":"https:\/\/flvchicago.org\/?s={search_term_string}"},"query-input":{"@type":"PropertyValueSpecification","valueRequired":true,"valueName":"search_term_string"}}],"inLanguage":"es-MX"}]}},"_links":{"self":[{"href":"https:\/\/flvchicago.org\/es\/wp-json\/wp\/v2\/pages\/25176","targetHints":{"allow":["GET"]}}],"collection":[{"href":"https:\/\/flvchicago.org\/es\/wp-json\/wp\/v2\/pages"}],"about":[{"href":"https:\/\/flvchicago.org\/es\/wp-json\/wp\/v2\/types\/page"}],"author":[{"embeddable":true,"href":"https:\/\/flvchicago.org\/es\/wp-json\/wp\/v2\/users\/3"}],"replies":[{"embeddable":true,"href":"https:\/\/flvchicago.org\/es\/wp-json\/wp\/v2\/comments?post=25176"}],"version-history":[{"count":4,"href":"https:\/\/flvchicago.org\/es\/wp-json\/wp\/v2\/pages\/25176\/revisions"}],"predecessor-version":[{"id":26885,"href":"https:\/\/flvchicago.org\/es\/wp-json\/wp\/v2\/pages\/25176\/revisions\/26885"}],"up":[{"embeddable":true,"href":"https:\/\/flvchicago.org\/es\/wp-json\/wp\/v2\/pages\/25175"}],"wp:attachment":[{"href":"https:\/\/flvchicago.org\/es\/wp-json\/wp\/v2\/media?parent=25176"}],"curies":[{"name":"wp","href":"https:\/\/api.w.org\/{rel}","templated":true}]}}