{"id":25173,"date":"2020-06-03T17:19:39","date_gmt":"2020-06-03T22:19:39","guid":{"rendered":"https:\/\/lvcf.wpengine.com\/?page_id=25173"},"modified":"2026-03-26T14:38:54","modified_gmt":"2026-03-26T19:38:54","slug":"team","status":"publish","type":"page","link":"https:\/\/flvchicago.org\/es\/about-us\/team\/","title":{"rendered":"Nuestro equipo"},"content":{"rendered":"<h5>Acerca de<\/h5><h1>Nuestro equipo<\/h1>\t\t\t\n\t\t\t\t<img decoding=\"async\" data-src=\"https:\/\/flvchicago.org\/wp-content\/uploads\/bb-plugin\/cache\/KimClosec-square.jpg\" alt=\"KimClosec\" title=\"KimClosec\" itemprop=\"image\" src=\"data:image\/svg+xml;base64,PHN2ZyB3aWR0aD0iMSIgaGVpZ2h0PSIxIiB4bWxucz0iaHR0cDovL3d3dy53My5vcmcvMjAwMC9zdmciPjwvc3ZnPg==\" class=\"lazyload\" style=\"--smush-placeholder-width: 900px; --smush-placeholder-aspect-ratio: 900\/900;\" \/>\n\t\t\t\t \n\t\t<h4>Kim Close<\/h4>Executive   Director \t\t\t\t\t\t\t\n\t\t\t\t<a href=\"mailto:kim@lvcfchicago.org\" target=\"_blank\" rel=\"noopener\">\t\t\t\t\n\t\t<\/a><a href=\"https:\/\/www.linkedin.com\/in\/kim-close-39107048\/\" target=\"_blank\" rel=\"noopener\">\t\t\t\t\n\t\t<\/a>\t\t\t\t \n\t\t\t<h3>Kim Close<\/h3>\n\t\t\t<p>Kim Close, Executive Director, has been with the Foundation of Little Village since it was established in 2018 and was charged with expanding programmatic capacity for the Xquina Incubator. During her time, she has increased the resources and opportunities available to small business in Little Village.<\/p>\n<p>Kim emplea un enfoque hol\u00edstico en su b\u00fasqueda del desarrollo econ\u00f3mico como medio para lograr una mayor equidad. Este enfoque combina inversi\u00f3n directa en la comunidad a trav\u00e9s de la implementaci\u00f3n de programas educativos dise\u00f1ados para crear impacto econ\u00f3mico en La Villita.<\/p>\n<p>Kim holds a degree in International Relations with a minor in Spanish from Austin College. Prior to her work in Little Village, she owned a small business for ten years &#8211; an experience that taught her the challenges and rewards of entrepreneurship.<\/p>\n\t\t\t<a href=\"javascript:void(0)\" title=\"Click Here\" target=\"_self\"  data-modal=  \"role=\"button\"\" aria-label=\"\">\n\t\t<\/a>\n\t\t\t\t<img decoding=\"async\" data-src=\"https:\/\/flvchicago.org\/wp-content\/uploads\/bb-plugin\/cache\/Diego-Murillo-FLV-scaled-square.jpg\" alt=\"Diego Murillo FLV\" title=\"Diego Murillo FLV\" itemprop=\"image\" src=\"data:image\/svg+xml;base64,PHN2ZyB3aWR0aD0iMSIgaGVpZ2h0PSIxIiB4bWxucz0iaHR0cDovL3d3dy53My5vcmcvMjAwMC9zdmciPjwvc3ZnPg==\" class=\"lazyload\" style=\"--smush-placeholder-width: 1200px; --smush-placeholder-aspect-ratio: 1200\/1200;\" \/>\n\t\t\t\t \n\t\t<h4>Diego Murillo<\/h4>Chief of   Staff\t\t\t\t\t\t\t\n\t\t\t\t<a href=\"mailto:diego@flvchicago.org\" target=\"_blank\" rel=\"noopener\">\t\t\t\t\n\t\t<\/a><a href=\"https:\/\/www.linkedin.com\/in\/dimuri\/\" target=\"_blank\" rel=\"noopener\">\t\t\t\t\n\t\t<\/a>\t\t\t\t \n\t\t\t<h3>Diego Murillo<\/h3>\n\t\t\t<p>Diego Murillo, Chief of Staff, plays a crucial role in ensuring the smooth operation of the organization and alignment with its strategic goals. His position involves overseeing daily operations, managing staff, and coordinating between different departments to streamline communication and foster collaboration.<\/p>\n<p>Diego helps shape and execute initiatives that drive economic growth and community empowerment, often working closely with stakeholders, ensuring that the programs and policies effectively address the needs of local entrepreneurs and contribute to long-term economic sustainability.<\/p>\n<p>Diego is a graduate of University of Illinois Chicago School of Art and Design with a Bachelor of Fine Arts in Studio Arts.<\/p>\n\t\t\t<a href=\"javascript:void(0)\" title=\"Click Here\" target=\"_self\"  data-modal=  \"role=\"button\"\" aria-label=\"\">\n\t\t<\/a>\n\t\t\t\t<img decoding=\"async\" data-src=\"https:\/\/flvchicago.org\/wp-content\/uploads\/bb-plugin\/cache\/A5CEAAE2-E97B-426A-8C13-4E1B50105482-square.png\" alt=\"Xamanek Headshot\" title=\"A5CEAAE2-E97B-426A-8C13-4E1B50105482\" itemprop=\"image\" src=\"data:image\/svg+xml;base64,PHN2ZyB3aWR0aD0iMSIgaGVpZ2h0PSIxIiB4bWxucz0iaHR0cDovL3d3dy53My5vcmcvMjAwMC9zdmciPjwvc3ZnPg==\" class=\"lazyload\" style=\"--smush-placeholder-width: 801px; --smush-placeholder-aspect-ratio: 801\/801;\" \/>\n\t\t\t\t \n\t\t<h4>Xamanek Carrasco Ch\u00e1vez<\/h4>Program  Director\t\t\t\t\t\t\t\n\t\t\t\t<a href=\"mailto:xamanek@flvchicago.org\" target=\"_blank\" rel=\"noopener\">\t\t\t\t\n\t\t<\/a><a href=\"https:\/\/www.linkedin.com\/in\/xamanekcarrasco\/\" target=\"_blank\" rel=\"noopener\">\t\t\t\t\n\t\t<\/a>\t\t\t\t \n\t\t\t<h3>Xamanek Carrasco<\/h3>\n\t\t\t<p>Xamanek Carrasco, Program Director, is passionate about supporting individuals and businesses in realizing their full potential while contributing to sustainable economic development.<\/p>\n<p>With a strong background in global marketing and extensive experience in emerging economies, Xamanek brings decades of leadership in the medical device industry. In recent years, her focus has centered on collaborating with small businesses through customized support in marketing, business planning, and strategic growth-key drivers of economic resilience and job creation in underserved communities.<\/p>\n<p>She values the power of collaboration, believing that meaningful and scalable outcomes are only possible through strong teamwork.<\/p>\n<p>Xamanek holds a Marketing degree and an MBA from ITESM-Monterrey Institute of Technology and Higher Education. Outside of work, she has a strong appreciation for graphic arts, enjoys reading historical fiction, and finds clarity and balance through long walks.<\/p>\n\t\t\t<a href=\"javascript:void(0)\" title=\"Click Here\" target=\"_self\"  data-modal=  \"role=\"button\"\" aria-label=\"\">\n\t\t<\/a>\n\t\t\t\t<img decoding=\"async\" data-src=\"https:\/\/flvchicago.org\/wp-content\/uploads\/bb-plugin\/cache\/Janet-Lagunas_updated_HS-1024x926-square.jpg\" alt=\"Janet Lagunas updated HS\" title=\"Janet Lagunas updated HS\" itemprop=\"image\" src=\"data:image\/svg+xml;base64,PHN2ZyB3aWR0aD0iMSIgaGVpZ2h0PSIxIiB4bWxucz0iaHR0cDovL3d3dy53My5vcmcvMjAwMC9zdmciPjwvc3ZnPg==\" class=\"lazyload\" style=\"--smush-placeholder-width: 926px; --smush-placeholder-aspect-ratio: 926\/926;\" \/>\n\t\t\t\t \n\t\t<h4>Janet Lagunas<\/h4>Program  Manager\t\t\t\t\t\t\t\n\t\t\t\t<a href=\"mailto:janet@flvchicago.org\" target=\"_blank\" rel=\"noopener\">\t\t\t\t\n\t\t<\/a><a href=\"https:\/\/www.linkedin.com\/in\/janetlagunas\" target=\"_blank\" rel=\"noopener\">\t\t\t\t\n\t\t<\/a>\t\t\t\t \n\t\t\t<h3>Janet Lagunas<\/h3>\n\t\t\t<p>Through her work as the Juntos Program Manager at the Foundation, Janet\u00a0supports local entrepreneurs and small business owners by helping them launch a new business and providing the resources they need to thrive. Her work as Program Manager aligns with her vision of being a community leader and her commitment to creating opportunities that lead to long-term success for the Latinx community.<\/p>\n<p>Janet&#8217;s unwavering passion for data drives her to spearhead the Fund for Equitable Business Growth grant, where her leadership and expertise empower innovative solutions and impactful outcomes.<\/p>\n\t\t\t<a href=\"javascript:void(0)\" title=\"Click Here\" target=\"_self\"  data-modal=  \"role=\"button\"\" aria-label=\"\">\n\t\t<\/a>\n\t\t\t\t<img decoding=\"async\" data-src=\"https:\/\/flvchicago.org\/wp-content\/uploads\/bb-plugin\/cache\/Paul-Cellejas-Headshot-square.jpeg\" alt=\"Paul Cellejas Headshot\" title=\"Paul Cellejas Headshot\" itemprop=\"image\" src=\"data:image\/svg+xml;base64,PHN2ZyB3aWR0aD0iMSIgaGVpZ2h0PSIxIiB4bWxucz0iaHR0cDovL3d3dy53My5vcmcvMjAwMC9zdmciPjwvc3ZnPg==\" class=\"lazyload\" style=\"--smush-placeholder-width: 602px; --smush-placeholder-aspect-ratio: 602\/602;\" \/>\n\t\t\t\t \n\t\t<h4>Paul Callejas<\/h4>BusinessAdvisor\t\t\t\t\t\t\t\n\t\t\t\t<a href=\"mailto:Paul@flvchicago.org\" target=\"_blank\" rel=\"noopener\">\t\t\t\t\n\t\t<\/a><a href=\"https:\/\/www.linkedin.com\/in\/paulcallejas\/\" target=\"_blank\" rel=\"noopener\">\t\t\t\t\n\t\t<\/a>\t\t\t\t \n\t\t\t<h3>Paul Callejas<\/h3>\n\t\t\t<p>As Business Advisor, Paul Callejas provides invaluable guidance and technical assistance to new and established entrepreneurs in the neighborhood. His collaborative approach has not only delivered results, but also significantly improved the quality of life for many Chicagoans. <\/p>\n<p>Paul&#8217;s role as a bridge between organizations is a testament to his leadership and his unwavering commitment to community improvement.<\/p>\n\t\t\t<a href=\"javascript:void(0)\" title=\"Click Here\" target=\"_self\"  data-modal=  \"role=\"button\"\" aria-label=\"\">\n\t\t<\/a>\n\t\t\t\t<img decoding=\"async\" data-src=\"https:\/\/flvchicago.org\/wp-content\/uploads\/bb-plugin\/cache\/GREG_FLV-1-scaled-square.jpg\" alt=\"GREG FLV\" title=\"GREG FLV\" itemprop=\"image\" src=\"data:image\/svg+xml;base64,PHN2ZyB3aWR0aD0iMSIgaGVpZ2h0PSIxIiB4bWxucz0iaHR0cDovL3d3dy53My5vcmcvMjAwMC9zdmciPjwvc3ZnPg==\" class=\"lazyload\" style=\"--smush-placeholder-width: 1193px; --smush-placeholder-aspect-ratio: 1193\/1193;\" \/>\n\t\t\t\t \n\t\t<h4>Greg Gutierrez<\/h4>Juntos  Program Instructor \t\t\t\t\t\t\t\n\t\t\t\t<a href=\"mailto:greg@flvchicago.org\" target=\"_blank\" rel=\"noopener\">\t\t\t\t\n\t\t<\/a><a href=\"https:\/\/www.linkedin.com\/in\/the-greg-gutierrez\/\" target=\"_blank\" rel=\"noopener\">\t\t\t\t\n\t\t<\/a>\t\t\t\t \n\t\t\t<h3>Greg Gutierrez<\/h3>\n\t\t\t<p>Greg Guti\u00e9rrez, Juntos Program Instructor, serves as the lead instructor for our multi-week classroom education. Driven by a motivation to help others, Greg teaches through his own experiences as a business owner and seeks to inspire others with his journey from humble beginnings. This motivation led him to the Foundation and allows him the opportunity to make a positive impact in the community<\/p>\n<p>In 2004, Greg moved to Illinois to pursue his MBA at the University of Western Illinois, shortly after obtaining his bachelor&#8217;s degree in marketing and management at Universidad Pan Americana in Jalisco, Mexico.<\/p>\n\t\t\t<a href=\"javascript:void(0)\" title=\"Click Here\" target=\"_self\"  data-modal=  \"role=\"button\"\" aria-label=\"\">\n\t\t<\/a>\n\t\t\t\t<img decoding=\"async\" data-src=\"https:\/\/flvchicago.org\/wp-content\/uploads\/bb-plugin\/cache\/Ramiro-Headshot--square.jpg\" alt=\"Ramiro Headshot\" title=\"Ramiro Headshot\" itemprop=\"image\" src=\"data:image\/svg+xml;base64,PHN2ZyB3aWR0aD0iMSIgaGVpZ2h0PSIxIiB4bWxucz0iaHR0cDovL3d3dy53My5vcmcvMjAwMC9zdmciPjwvc3ZnPg==\" class=\"lazyload\" style=\"--smush-placeholder-width: 585px; --smush-placeholder-aspect-ratio: 585\/585;\" \/>\n\t\t\t\t \n\t\t<h4>Ramiro J. Atristain-Carri\u00f3n<\/h4>Financial Literacy Instructor\t\t\t\t\t\t\t\n\t\t\t\t<a href=\"mailto:ratristain@atristainadvisors.com\" target=\"_blank\" rel=\"noopener\">\t\t\t\t\n\t\t<\/a><a href=\"https:\/\/www.linkedin.com\/in\/ramiro-atristain\/\" target=\"_blank\" rel=\"noopener\">\t\t\t\t\n\t\t<\/a>\t\t\t\t \n\t\t\t<h3>Ramiro J. Atristain-Carri\u00f3n<\/h3>\n\t\t\t<p>Ramiro J. Atristain-Carri\u00f3n, Financial Literacy Instructor, serves as our multi-week classroom instructor for Juntos Avanzamos and our finance-focused topics. Ramiro leverages his expertise to support entrepreneurs, business owners, and organizations in optimizing finances, building effective teams, and achieving long-term goals. His guidance helps aspiring business leaders navigate financial complexities and create sustainable strategies.<\/p>\n<p>Ramiro serves as the Managing Director of Atristain Advisors, LLC, is the Executive In Residence and Adjunct Professor of Finance at Dominican University&#8217;s Brennan School of Business, and is a published author of financial wellness resources. With an MBA in Finance, BA in Economics and numerous certifications, including Behavioral Financial Advisor (BFA) and Associate Certified Coach (ACC), he combines financial expertise with coaching to empower individuals and organizations.\u00a0<\/p>\n\t\t\t<a href=\"javascript:void(0)\" title=\"Click Here\" target=\"_self\"  data-modal=  \"role=\"button\"\" aria-label=\"\">\n\t\t<\/a>\n\t\t\t\t<img decoding=\"async\" data-src=\"https:\/\/flvchicago.org\/wp-content\/uploads\/bb-plugin\/cache\/IMG_5443-1-scaled-square.jpeg\" alt=\"Gaston\" title=\"IMG_5443 (1)\" itemprop=\"image\" src=\"data:image\/svg+xml;base64,PHN2ZyB3aWR0aD0iMSIgaGVpZ2h0PSIxIiB4bWxucz0iaHR0cDovL3d3dy53My5vcmcvMjAwMC9zdmciPjwvc3ZnPg==\" class=\"lazyload\" style=\"--smush-placeholder-width: 1200px; --smush-placeholder-aspect-ratio: 1200\/1200;\" \/>\n\t\t\t\t \n\t\t<h4>Gaston Linan<\/h4>Access to Capital Specialist\t\t\t\t\t\t\t\n\t\t\t\t<a href=\"mailto:Gaston@@flvchicago.org\" target=\"_blank\" rel=\"noopener\">\t\t\t\t\n\t\t<\/a>\t\t\t\t \n\t\t\t<h3>Gaston Linan<\/h3>\n\t\t\t<p>Gaston Linan, Access to Capital Specialist, coaches small business owners within our Business Finance Resources leading them to capital opportunities and financial sustainability. Gaston is a seasoned financial services professional with over 25 years of experience in retail banking. Specializing in providing tailored financial solutions to small business owners, he has developed a deep understanding of the unique challenges and opportunities faced by entrepreneurs.<\/p>\n<p>Throughout his career, Gaston has built a reputation for delivering personalized, effective advice and strategic support to help small businesses navigate their financial needs, from securing funding to optimizing cash flow and managing risk. His extensive expertise, coupled with his commitment to customer success, has made him a trusted partner for countless small business clients.<\/p>\n\t\t\t<a href=\"javascript:void(0)\" title=\"Click Here\" target=\"_self\"  data-modal=  \"role=\"button\"\" aria-label=\"\">\n\t\t<\/a>\n\t\t\t<h3>Careers<\/h3>\t\t\t\n\t\t\t\t<p>The Foundation of Little Village provides equal employment opportunities to all qualified individuals regardless of race, ethnicity, gender identity, sexual orientation, national origin, native language, religion, age, disability, or any other characteristic protected by law. Regardless of protected status, the Foundation of Little Village is committed to providing quality services to individuals in our community and upholding a safe and respectful working environment for our employees.<\/p>\n<p>The Foundation offers competitive pay and a generous benefits package including paid holidays, paid time off and sick days, health insurance, and other benefits.<\/p>\n<p>At this time, the Foundation does not have any open positions available. Please watch our social media pages for the most up to date information as we primarily post job announcements on those sites.<\/p>","protected":false},"excerpt":{"rendered":"<p>About Our Team Kim Close Executive Director Kim Close Kim Close, Executive Director, has been with the Foundation of Little Village since it was established in 2018 and was charged with expanding programmatic capacity for the Xquina Incubator. During her time, she has increased the resources and opportunities available to small business in Little Village. [&hellip;]<\/p>\n","protected":false},"author":3,"featured_media":0,"parent":26668,"menu_order":0,"comment_status":"closed","ping_status":"closed","template":"","meta":{"_monsterinsights_skip_tracking":false,"_monsterinsights_sitenote_active":false,"_monsterinsights_sitenote_note":"","_monsterinsights_sitenote_category":0,"site-sidebar-layout":"no-sidebar","site-content-layout":"page-builder","ast-site-content-layout":"full-width-container","site-content-style":"unboxed","site-sidebar-style":"unboxed","ast-global-header-display":"","ast-banner-title-visibility":"","ast-main-header-display":"","ast-hfb-above-header-display":"","ast-hfb-below-header-display":"","ast-hfb-mobile-header-display":"","site-post-title":"disabled","ast-breadcrumbs-content":"","ast-featured-img":"disabled","footer-sml-layout":"","theme-transparent-header-meta":"default","adv-header-id-meta":"","stick-header-meta":"default","header-above-stick-meta":"","header-main-stick-meta":"","header-below-stick-meta":"","astra-migrate-meta-layouts":"set","ast-page-background-enabled":"default","ast-page-background-meta":{"desktop":{"background-color":"","background-image":"","background-repeat":"repeat","background-position":"center center","background-size":"auto","background-attachment":"scroll","background-type":"","background-media":"","overlay-type":"","overlay-color":"","overlay-opacity":"","overlay-gradient":""},"tablet":{"background-color":"","background-image":"","background-repeat":"repeat","background-position":"center center","background-size":"auto","background-attachment":"scroll","background-type":"","background-media":"","overlay-type":"","overlay-color":"","overlay-opacity":"","overlay-gradient":""},"mobile":{"background-color":"","background-image":"","background-repeat":"repeat","background-position":"center center","background-size":"auto","background-attachment":"scroll","background-type":"","background-media":"","overlay-type":"","overlay-color":"","overlay-opacity":"","overlay-gradient":""}},"ast-content-background-meta":{"desktop":{"background-color":"var(--ast-global-color-5)","background-image":"","background-repeat":"repeat","background-position":"center center","background-size":"auto","background-attachment":"scroll","background-type":"","background-media":"","overlay-type":"","overlay-color":"","overlay-opacity":"","overlay-gradient":""},"tablet":{"background-color":"var(--ast-global-color-5)","background-image":"","background-repeat":"repeat","background-position":"center center","background-size":"auto","background-attachment":"scroll","background-type":"","background-media":"","overlay-type":"","overlay-color":"","overlay-opacity":"","overlay-gradient":""},"mobile":{"background-color":"var(--ast-global-color-5)","background-image":"","background-repeat":"repeat","background-position":"center center","background-size":"auto","background-attachment":"scroll","background-type":"","background-media":"","overlay-type":"","overlay-color":"","overlay-opacity":"","overlay-gradient":""}},"footnotes":""},"class_list":["post-25173","page","type-page","status-publish","hentry"],"yoast_head":"<!-- This site is optimized with the Yoast SEO plugin v27.4 - https:\/\/yoast.com\/product\/yoast-seo-wordpress\/ -->\n<title>Our Team - Foundation of Little Village<\/title>\n<meta name=\"robots\" content=\"index, follow, max-snippet:-1, max-image-preview:large, max-video-preview:-1\" \/>\n<link rel=\"canonical\" href=\"https:\/\/flvchicago.org\/es\/about-us\/team\/\" \/>\n<meta property=\"og:locale\" content=\"es_MX\" \/>\n<meta property=\"og:type\" content=\"article\" \/>\n<meta property=\"og:title\" content=\"Our Team - Foundation of Little Village\" \/>\n<meta property=\"og:description\" content=\"About Our Team Kim Close Executive Director Kim Close Kim Close, Executive Director, has been with the Foundation of Little Village since it was established in 2018 and was charged with expanding programmatic capacity for the Xquina Incubator. During her time, she has increased the resources and opportunities available to small business in Little Village. [&hellip;]\" \/>\n<meta property=\"og:url\" content=\"https:\/\/flvchicago.org\/es\/about-us\/team\/\" \/>\n<meta property=\"og:site_name\" content=\"Foundation of Little Village\" \/>\n<meta property=\"article:modified_time\" content=\"2026-03-26T19:38:54+00:00\" \/>\n<meta property=\"og:image\" content=\"https:\/\/flvchicago.org\/wp-content\/uploads\/bb-plugin\/cache\/KimClosec-square.jpg\" \/>\n<meta name=\"twitter:card\" content=\"summary_large_image\" \/>\n<meta name=\"twitter:label1\" content=\"Est. reading time\" \/>\n\t<meta name=\"twitter:data1\" content=\"7 minutes\" \/>\n<script type=\"application\/ld+json\" class=\"yoast-schema-graph\">{\"@context\":\"https:\\\/\\\/schema.org\",\"@graph\":[{\"@type\":\"WebPage\",\"@id\":\"https:\\\/\\\/flvchicago.org\\\/about-us\\\/team\\\/\",\"url\":\"https:\\\/\\\/flvchicago.org\\\/about-us\\\/team\\\/\",\"name\":\"Our Team - Foundation of Little Village\",\"isPartOf\":{\"@id\":\"https:\\\/\\\/flvchicago.org\\\/#website\"},\"primaryImageOfPage\":{\"@id\":\"https:\\\/\\\/flvchicago.org\\\/about-us\\\/team\\\/#primaryimage\"},\"image\":{\"@id\":\"https:\\\/\\\/flvchicago.org\\\/about-us\\\/team\\\/#primaryimage\"},\"thumbnailUrl\":\"https:\\\/\\\/flvchicago.org\\\/wp-content\\\/uploads\\\/bb-plugin\\\/cache\\\/KimClosec-square.jpg\",\"datePublished\":\"2020-06-03T22:19:39+00:00\",\"dateModified\":\"2026-03-26T19:38:54+00:00\",\"breadcrumb\":{\"@id\":\"https:\\\/\\\/flvchicago.org\\\/about-us\\\/team\\\/#breadcrumb\"},\"inLanguage\":\"es-MX\",\"potentialAction\":[{\"@type\":\"ReadAction\",\"target\":[\"https:\\\/\\\/flvchicago.org\\\/about-us\\\/team\\\/\"]}]},{\"@type\":\"ImageObject\",\"inLanguage\":\"es-MX\",\"@id\":\"https:\\\/\\\/flvchicago.org\\\/about-us\\\/team\\\/#primaryimage\",\"url\":\"https:\\\/\\\/flvchicago.org\\\/wp-content\\\/uploads\\\/bb-plugin\\\/cache\\\/KimClosec-square.jpg\",\"contentUrl\":\"https:\\\/\\\/flvchicago.org\\\/wp-content\\\/uploads\\\/bb-plugin\\\/cache\\\/KimClosec-square.jpg\"},{\"@type\":\"BreadcrumbList\",\"@id\":\"https:\\\/\\\/flvchicago.org\\\/about-us\\\/team\\\/#breadcrumb\",\"itemListElement\":[{\"@type\":\"ListItem\",\"position\":1,\"name\":\"Home\",\"item\":\"https:\\\/\\\/flvchicago.org\\\/\"},{\"@type\":\"ListItem\",\"position\":2,\"name\":\"About Us\",\"item\":\"https:\\\/\\\/flvchicago.org\\\/about-us\\\/\"},{\"@type\":\"ListItem\",\"position\":3,\"name\":\"Our Team\"}]},{\"@type\":\"WebSite\",\"@id\":\"https:\\\/\\\/flvchicago.org\\\/#website\",\"url\":\"https:\\\/\\\/flvchicago.org\\\/\",\"name\":\"Foundation of Little Village\",\"description\":\"\",\"potentialAction\":[{\"@type\":\"SearchAction\",\"target\":{\"@type\":\"EntryPoint\",\"urlTemplate\":\"https:\\\/\\\/flvchicago.org\\\/?s={search_term_string}\"},\"query-input\":{\"@type\":\"PropertyValueSpecification\",\"valueRequired\":true,\"valueName\":\"search_term_string\"}}],\"inLanguage\":\"es-MX\"}]}<\/script>\n<!-- \/ Yoast SEO plugin. -->","yoast_head_json":{"title":"Our Team - Foundation of Little Village","robots":{"index":"index","follow":"follow","max-snippet":"max-snippet:-1","max-image-preview":"max-image-preview:large","max-video-preview":"max-video-preview:-1"},"canonical":"https:\/\/flvchicago.org\/es\/about-us\/team\/","og_locale":"es_MX","og_type":"article","og_title":"Our Team - Foundation of Little Village","og_description":"About Our Team Kim Close Executive Director Kim Close Kim Close, Executive Director, has been with the Foundation of Little Village since it was established in 2018 and was charged with expanding programmatic capacity for the Xquina Incubator. During her time, she has increased the resources and opportunities available to small business in Little Village. [&hellip;]","og_url":"https:\/\/flvchicago.org\/es\/about-us\/team\/","og_site_name":"Foundation of Little Village","article_modified_time":"2026-03-26T19:38:54+00:00","og_image":[{"url":"https:\/\/flvchicago.org\/wp-content\/uploads\/bb-plugin\/cache\/KimClosec-square.jpg","type":"","width":"","height":""}],"twitter_card":"summary_large_image","twitter_misc":{"Est. reading time":"7 minutes"},"schema":{"@context":"https:\/\/schema.org","@graph":[{"@type":"WebPage","@id":"https:\/\/flvchicago.org\/about-us\/team\/","url":"https:\/\/flvchicago.org\/about-us\/team\/","name":"Our Team - Foundation of Little Village","isPartOf":{"@id":"https:\/\/flvchicago.org\/#website"},"primaryImageOfPage":{"@id":"https:\/\/flvchicago.org\/about-us\/team\/#primaryimage"},"image":{"@id":"https:\/\/flvchicago.org\/about-us\/team\/#primaryimage"},"thumbnailUrl":"https:\/\/flvchicago.org\/wp-content\/uploads\/bb-plugin\/cache\/KimClosec-square.jpg","datePublished":"2020-06-03T22:19:39+00:00","dateModified":"2026-03-26T19:38:54+00:00","breadcrumb":{"@id":"https:\/\/flvchicago.org\/about-us\/team\/#breadcrumb"},"inLanguage":"es-MX","potentialAction":[{"@type":"ReadAction","target":["https:\/\/flvchicago.org\/about-us\/team\/"]}]},{"@type":"ImageObject","inLanguage":"es-MX","@id":"https:\/\/flvchicago.org\/about-us\/team\/#primaryimage","url":"https:\/\/flvchicago.org\/wp-content\/uploads\/bb-plugin\/cache\/KimClosec-square.jpg","contentUrl":"https:\/\/flvchicago.org\/wp-content\/uploads\/bb-plugin\/cache\/KimClosec-square.jpg"},{"@type":"BreadcrumbList","@id":"https:\/\/flvchicago.org\/about-us\/team\/#breadcrumb","itemListElement":[{"@type":"ListItem","position":1,"name":"Home","item":"https:\/\/flvchicago.org\/"},{"@type":"ListItem","position":2,"name":"About Us","item":"https:\/\/flvchicago.org\/about-us\/"},{"@type":"ListItem","position":3,"name":"Our Team"}]},{"@type":"WebSite","@id":"https:\/\/flvchicago.org\/#website","url":"https:\/\/flvchicago.org\/","name":"Fundaci\u00f3n de La Villita","description":"","potentialAction":[{"@type":"SearchAction","target":{"@type":"EntryPoint","urlTemplate":"https:\/\/flvchicago.org\/?s={search_term_string}"},"query-input":{"@type":"PropertyValueSpecification","valueRequired":true,"valueName":"search_term_string"}}],"inLanguage":"es-MX"}]}},"_links":{"self":[{"href":"https:\/\/flvchicago.org\/es\/wp-json\/wp\/v2\/pages\/25173","targetHints":{"allow":["GET"]}}],"collection":[{"href":"https:\/\/flvchicago.org\/es\/wp-json\/wp\/v2\/pages"}],"about":[{"href":"https:\/\/flvchicago.org\/es\/wp-json\/wp\/v2\/types\/page"}],"author":[{"embeddable":true,"href":"https:\/\/flvchicago.org\/es\/wp-json\/wp\/v2\/users\/3"}],"replies":[{"embeddable":true,"href":"https:\/\/flvchicago.org\/es\/wp-json\/wp\/v2\/comments?post=25173"}],"version-history":[{"count":44,"href":"https:\/\/flvchicago.org\/es\/wp-json\/wp\/v2\/pages\/25173\/revisions"}],"predecessor-version":[{"id":27296,"href":"https:\/\/flvchicago.org\/es\/wp-json\/wp\/v2\/pages\/25173\/revisions\/27296"}],"up":[{"embeddable":true,"href":"https:\/\/flvchicago.org\/es\/wp-json\/wp\/v2\/pages\/26668"}],"wp:attachment":[{"href":"https:\/\/flvchicago.org\/es\/wp-json\/wp\/v2\/media?parent=25173"}],"curies":[{"name":"wp","href":"https:\/\/api.w.org\/{rel}","templated":true}]}}